{"id":611,"date":"2023-06-09T18:55:30","date_gmt":"2023-06-09T16:55:30","guid":{"rendered":"https:\/\/escuelajovenjazzantequera.com\/?page_id=611"},"modified":"2024-04-25T21:27:41","modified_gmt":"2024-04-25T19:27:41","slug":"nacho-megina","status":"publish","type":"page","link":"https:\/\/escuelajovenjazzantequera.com\/index.php\/nacho-megina\/","title":{"rendered":"Nacho Megina"},"content":{"rendered":"\t\t<div data-elementor-type=\"wp-page\" data-elementor-id=\"611\" class=\"elementor elementor-611\">\n\t\t\t\t\t\t\t\t\t<section class=\"elementor-section elementor-top-section elementor-element elementor-element-c6ed2a9 elementor-section-boxed elementor-section-height-default elementor-section-height-default\" data-id=\"c6ed2a9\" data-element_type=\"section\">\n\t\t\t\t\t\t<div class=\"elementor-container elementor-column-gap-default\">\n\t\t\t\t\t<div class=\"elementor-column elementor-col-100 elementor-top-column elementor-element elementor-element-7d00d7c\" data-id=\"7d00d7c\" data-element_type=\"column\" data-settings=\"{&quot;background_background&quot;:&quot;classic&quot;}\">\n\t\t\t<div class=\"elementor-widget-wrap elementor-element-populated\">\n\t\t\t\t\t\t\t\t<div class=\"elementor-element elementor-element-64b60c3 elementor-widget elementor-widget-heading\" data-id=\"64b60c3\" data-element_type=\"widget\" data-widget_type=\"heading.default\">\n\t\t\t\t<div class=\"elementor-widget-container\">\n\t\t\t<style>\/*! elementor - v3.11.5 - 14-03-2023 *\/\n.elementor-heading-title{padding:0;margin:0;line-height:1}.elementor-widget-heading .elementor-heading-title[class*=elementor-size-]>a{color:inherit;font-size:inherit;line-height:inherit}.elementor-widget-heading .elementor-heading-title.elementor-size-small{font-size:15px}.elementor-widget-heading .elementor-heading-title.elementor-size-medium{font-size:19px}.elementor-widget-heading .elementor-heading-title.elementor-size-large{font-size:29px}.elementor-widget-heading .elementor-heading-title.elementor-size-xl{font-size:39px}.elementor-widget-heading .elementor-heading-title.elementor-size-xxl{font-size:59px}<\/style><h2 class=\"elementor-heading-title elementor-size-default\">NACHO MEGINA<\/h2>\t\t<\/div>\n\t\t\t\t<\/div>\n\t\t\t\t\t<\/div>\n\t\t<\/div>\n\t\t\t\t\t\t\t<\/div>\n\t\t<\/section>\n\t\t\t\t<section class=\"elementor-section elementor-top-section elementor-element elementor-element-7cbb148 elementor-section-boxed elementor-section-height-default elementor-section-height-default\" data-id=\"7cbb148\" data-element_type=\"section\">\n\t\t\t\t\t\t<div class=\"elementor-container elementor-column-gap-default\">\n\t\t\t\t\t<div class=\"elementor-column elementor-col-50 elementor-top-column elementor-element elementor-element-379c401\" data-id=\"379c401\" data-element_type=\"column\">\n\t\t\t<div class=\"elementor-widget-wrap elementor-element-populated\">\n\t\t\t\t\t\t\t\t<div class=\"elementor-element elementor-element-39b0993 elementor-widget elementor-widget-image\" data-id=\"39b0993\" data-element_type=\"widget\" data-widget_type=\"image.default\">\n\t\t\t\t<div class=\"elementor-widget-container\">\n\t\t\t<style>\/*! elementor - v3.11.5 - 14-03-2023 *\/\n.elementor-widget-image{text-align:center}.elementor-widget-image a{display:inline-block}.elementor-widget-image a img[src$=\".svg\"]{width:48px}.elementor-widget-image img{vertical-align:middle;display:inline-block}<\/style>\t\t\t\t\t\t\t\t\t\t\t\t<img loading=\"lazy\" decoding=\"async\" width=\"800\" height=\"616\" src=\"https:\/\/escuelajovenjazzantequera.com\/wp-content\/uploads\/2023\/06\/Nacho-Megina-1-1024x789.jpg\" class=\"attachment-large size-large wp-image-613\" alt=\"\" srcset=\"https:\/\/escuelajovenjazzantequera.com\/wp-content\/uploads\/2023\/06\/Nacho-Megina-1-1024x789.jpg 1024w, https:\/\/escuelajovenjazzantequera.com\/wp-content\/uploads\/2023\/06\/Nacho-Megina-1-300x231.jpg 300w, https:\/\/escuelajovenjazzantequera.com\/wp-content\/uploads\/2023\/06\/Nacho-Megina-1-768x591.jpg 768w, https:\/\/escuelajovenjazzantequera.com\/wp-content\/uploads\/2023\/06\/Nacho-Megina-1-1536x1183.jpg 1536w, https:\/\/escuelajovenjazzantequera.com\/wp-content\/uploads\/2023\/06\/Nacho-Megina-1-2048x1577.jpg 2048w\" sizes=\"auto, (max-width: 800px) 100vw, 800px\" \/>\t\t\t\t\t\t\t\t\t\t\t\t\t\t\t<\/div>\n\t\t\t\t<\/div>\n\t\t\t\t\t<\/div>\n\t\t<\/div>\n\t\t\t\t<div class=\"elementor-column elementor-col-50 elementor-top-column elementor-element elementor-element-9e76802\" data-id=\"9e76802\" data-element_type=\"column\">\n\t\t\t<div class=\"elementor-widget-wrap elementor-element-populated\">\n\t\t\t\t\t\t\t\t<div class=\"elementor-element elementor-element-f8e0d5a elementor-widget elementor-widget-text-editor\" data-id=\"f8e0d5a\" data-element_type=\"widget\" data-widget_type=\"text-editor.default\">\n\t\t\t\t<div class=\"elementor-widget-container\">\n\t\t\t<style>\/*! elementor - v3.11.5 - 14-03-2023 *\/\n.elementor-widget-text-editor.elementor-drop-cap-view-stacked .elementor-drop-cap{background-color:#818a91;color:#fff}.elementor-widget-text-editor.elementor-drop-cap-view-framed .elementor-drop-cap{color:#818a91;border:3px solid;background-color:transparent}.elementor-widget-text-editor:not(.elementor-drop-cap-view-default) .elementor-drop-cap{margin-top:8px}.elementor-widget-text-editor:not(.elementor-drop-cap-view-default) .elementor-drop-cap-letter{width:1em;height:1em}.elementor-widget-text-editor .elementor-drop-cap{float:left;text-align:center;line-height:1;font-size:50px}.elementor-widget-text-editor .elementor-drop-cap-letter{display:inline-block}<\/style>\t\t\t\t<p>Licenciado en <em>Bater\u00eda de Jazz<\/em>\u00a0 por el Centro Superior de M\u00fasica de Pa\u00eds Vasco, Musikene (2010).Asiste a seminarios y estudia con maestros como Adam Cruz, Jeff Ballard, Guillermo McGill, Jo Krause, David King, Jorge Rosy, Aldo Caviglia.<\/p><p>Miembro fundador de la <em>Andaluc\u00eda Big Band<\/em>, orquesta que desde 2011 ha contado con la colaboraci\u00f3n de directores como de Guillermo Klein, Duccio Bertini, Ram\u00f3n Cardo, Bob Sands, Jes\u00fas Santandreu, Victor Mendoza, Bobby Mart\u00ednez, Miguel Blanco, Z\u00e9 Eduardo o Chris Kase; adem\u00e1s de artistas como Maria Jo\u00e3o, Mario Laguinha, Perico Sambeat, Salvador Sobral, Rosario La Tremendita, Jo\u00e3o Frades o Rita Pay\u00e9s.<\/p><p>.<\/p>\t\t\t\t\t\t<\/div>\n\t\t\t\t<\/div>\n\t\t\t\t\t<\/div>\n\t\t<\/div>\n\t\t\t\t\t\t\t<\/div>\n\t\t<\/section>\n\t\t\t\t<section class=\"elementor-section elementor-top-section elementor-element elementor-element-2eaae9d elementor-section-boxed elementor-section-height-default elementor-section-height-default\" data-id=\"2eaae9d\" data-element_type=\"section\">\n\t\t\t\t\t\t<div class=\"elementor-container elementor-column-gap-default\">\n\t\t\t\t\t<div class=\"elementor-column elementor-col-100 elementor-top-column elementor-element elementor-element-36850c7\" data-id=\"36850c7\" data-element_type=\"column\">\n\t\t\t<div class=\"elementor-widget-wrap elementor-element-populated\">\n\t\t\t\t\t\t\t\t<div class=\"elementor-element elementor-element-1f9fc53 elementor-widget elementor-widget-text-editor\" data-id=\"1f9fc53\" data-element_type=\"widget\" data-widget_type=\"text-editor.default\">\n\t\t\t\t<div class=\"elementor-widget-container\">\n\t\t\t\t\t\t\t<p>Ha colaborado con m\u00fasicos de diversa naturaleza como Judy Niemack, Abdu Salim, Antonio Serrano, Carlos Mart\u00edn, Voro Garc\u00eda, Carlos Barreto, David Pastor, Jorge Pardo, Diego Amador, Esperanza Fern\u00e1ndez, Antonio Canales, Francisco Blanco <em>Latino<\/em>, \u00c1ngel Andr\u00e9s Mu\u00f1oz o Eva Cort\u00e9s, con los que ha participado en diversos festivales como <em>Santo Domingo Jazz Fest <\/em>(Rep. Dominicana), <em>Festival Arte Flamenco Mont de Marsan<\/em> (Francia), <em>Dia Internacional do Jazz <\/em>(Faro, Portugal), <em>Lisboa na Rua<\/em>, Festival de Jazz de Madrid, <em>Canarias Jazz &amp; M\u00e1s<\/em>, <em>Jazzaldia<\/em> (San Sebasti\u00e1n) entre otros. Ha colaborado con la <em>Sonora Big Band<\/em> de C\u00e1diz, y la <em>Universitaria de Sevilla Big<\/em> <em>Band<\/em>.<\/p><p>Finalista en la primera edici\u00f3n del concurso internacional de int\u00e9rpretes de jazz <em>Master Jam Fest,<\/em> celebrado en Odessa (Ucrania) en abril de 2013.<\/p><p>Profesor de bater\u00eda en la Escuela Joven de Jazz de Antequera.<\/p>\t\t\t\t\t\t<\/div>\n\t\t\t\t<\/div>\n\t\t\t\t\t<\/div>\n\t\t<\/div>\n\t\t\t\t\t\t\t<\/div>\n\t\t<\/section>\n\t\t\t\t\t\t\t<\/div>\n\t\t","protected":false},"excerpt":{"rendered":"<p>NACHO MEGINA Licenciado en Bater\u00eda de Jazz\u00a0 por el Centro Superior de M\u00fasica de Pa\u00eds Vasco, Musikene (2010).Asiste a seminarios y estudia con maestros como Adam Cruz, Jeff Ballard, Guillermo McGill, Jo Krause, David King, Jorge Rosy, Aldo Caviglia. Miembro fundador de la Andaluc\u00eda Big Band, orquesta que desde 2011 ha contado con la colaboraci\u00f3n [&hellip;]<\/p>\n","protected":false},"author":1,"featured_media":0,"parent":0,"menu_order":0,"comment_status":"closed","ping_status":"closed","template":"","meta":{"footnotes":""},"class_list":["post-611","page","type-page","status-publish","hentry"],"_links":{"self":[{"href":"https:\/\/escuelajovenjazzantequera.com\/index.php\/wp-json\/wp\/v2\/pages\/611","targetHints":{"allow":["GET"]}}],"collection":[{"href":"https:\/\/escuelajovenjazzantequera.com\/index.php\/wp-json\/wp\/v2\/pages"}],"about":[{"href":"https:\/\/escuelajovenjazzantequera.com\/index.php\/wp-json\/wp\/v2\/types\/page"}],"author":[{"embeddable":true,"href":"https:\/\/escuelajovenjazzantequera.com\/index.php\/wp-json\/wp\/v2\/users\/1"}],"replies":[{"embeddable":true,"href":"https:\/\/escuelajovenjazzantequera.com\/index.php\/wp-json\/wp\/v2\/comments?post=611"}],"version-history":[{"count":9,"href":"https:\/\/escuelajovenjazzantequera.com\/index.php\/wp-json\/wp\/v2\/pages\/611\/revisions"}],"predecessor-version":[{"id":878,"href":"https:\/\/escuelajovenjazzantequera.com\/index.php\/wp-json\/wp\/v2\/pages\/611\/revisions\/878"}],"wp:attachment":[{"href":"https:\/\/escuelajovenjazzantequera.com\/index.php\/wp-json\/wp\/v2\/media?parent=611"}],"curies":[{"name":"wp","href":"https:\/\/api.w.org\/{rel}","templated":true}]}}